{"id":7475,"date":"2024-04-15T18:09:24","date_gmt":"2024-04-15T16:09:24","guid":{"rendered":"https:\/\/blog.momoxfashion.com\/de\/?page_id=7475"},"modified":"2024-04-15T20:50:21","modified_gmt":"2024-04-15T18:50:21","slug":"impressum","status":"publish","type":"page","link":"https:\/\/blog.momoxfashion.com\/de\/impressum\/","title":{"rendered":"Impressum"},"content":{"rendered":"<p class=\"p1\">Der momox Fashion Blog ist eine Unternehmung der<\/p>\n<p class=\"p1\"><b>momox SE<br \/>\n<\/b>Schreiberhauer Stra\u00dfe 30<br \/>\n10317 Berlin<\/p>\n<p class=\"p3\">vertreten durch den Vorstand Heiner Kroke (Vorsitz) und Christian von Hohnhorst<br \/>\nVorsitzender des Aufsichtsrats: Dr. Thomas Tochtermann<\/p>\n<p class=\"p5\"><b>Pressekontakt<br \/>\n<\/b><span class=\"s1\">E-Mail: <\/span>presse@momoxfashion.com<\/p>\n<p class=\"p1\">USt-IdNr.: DE266608643<br \/>\nHandelsregister HRB 248162 B, Berlin Charlottenburg<\/p>\n<p class=\"p9\"><b>redaktionell verantwortliche Person<br \/>\n<\/b>Denise Storbeck<br \/>\nSchreiberhauer Str. 30<br \/>\n10317 Berlin<\/p>\n<p class=\"p8\"><span class=\"s2\"><b>Datenschutzerkl\u00e4rung<br \/>\n<\/b><\/span>Unsere Datenschutzerkl\u00e4rung finden Sie <a href=\"https:\/\/blog.momoxfashion.com\/de\/datenschutzerklaerung\/\"><span class=\"s3\">hier<\/span><\/a>.<\/p>\n<p class=\"p11\"><b>Disclaimer \/ Haftungsausschluss<\/b><\/p>\n<p class=\"p5\"><b>Haftung f\u00fcr Inhalte<br \/>\n<\/b>Als Diensteanbieter sind wir gem\u00e4\u00df \u00a7 7 Abs. 1 TMG f\u00fcr eigene Inhalte auf diesen Seiten nach den allgemeinen Gesetzen verantwortlich. Nach \u00a7\u00a7 8 bis 10 TMG sind wir als Diensteanbieter jedoch nicht verpflichtet, \u00fcbermittelte oder gespeicherte fremde Informationen zu \u00fcberwachen oder nach Umst\u00e4nden zu forschen, die auf eine rechtswidrige T\u00e4tigkeit hinweisen. Verpflichtungen zur Entfernung oder Sperrung der Nutzung von Informationen nach den allgemeinen Gesetzen bleiben hiervon unber\u00fchrt. Eine diesbez\u00fcgliche Haftung ist jedoch erst ab dem Zeitpunkt der Kenntnis einer konkreten Rechtsverletzung m\u00f6glich. Bei Bekanntwerden von entsprechenden Rechtsverletzungen werden wir diese Inhalte umgehend entfernen.<\/p>\n<p class=\"p5\"><b>Haftung f\u00fcr Links<br \/>\n<\/b>Unser Angebot enth\u00e4lt Links zu externen Webseiten Dritter, auf deren Inhalte wir keinen Einfluss haben. Deshalb k\u00f6nnen wir f\u00fcr diese fremden Inhalte auch keine Gew\u00e4hr \u00fcbernehmen. F\u00fcr die Inhalte der verlinkten Seiten ist stets der jeweilige Anbieter oder Betreiber der Seiten verantwortlich. Die verlinkten Seiten wurden zum Zeitpunkt der Verlinkung auf m\u00f6gliche Rechtsverst\u00f6\u00dfe \u00fcberpr\u00fcft. Rechtswidrige Inhalte waren zum Zeitpunkt der Verlinkung nicht erkennbar. Eine permanente inhaltliche Kontrolle der verlinkten Seiten ist jedoch ohne konkrete Anhaltspunkte einer Rechtsverletzung nicht zumutbar. Bei Bekanntwerden von Rechtsverletzungen werden wir derartige Links umgehend entfernen.<\/p>\n<p class=\"p5\"><b>Urheberrecht<br \/>\n<\/b>Die durch die Seitenbetreiber erstellten Inhalte und Werke auf diesen Seiten unterliegen dem deutschen Urheberrecht. Die Vervielf\u00e4ltigung, Bearbeitung, Verbreitung und jede Art der Verwertung au\u00dferhalb der Grenzen des Urheberrechtes bed\u00fcrfen der schriftlichen Zustimmung des jeweiligen Autors bzw. Erstellers. Downloads und Kopien dieser Seite sind nur f\u00fcr den privaten, nicht den kommerziellen Gebrauch gestattet. Soweit Inhalte auf dieser Seite nicht vom Betreiber erstellt wurden, werden die Urheberrechte Dritter beachtet. Insbesondere werden Inhalte Dritter als solche gekennzeichnet. Sollten Sie trotzdem auf eine Urheberrechtsverletzung aufmerksam werden, bitten wir um einen entsprechenden Hinweis. Bei Bekanntwerden von Rechtsverletzungen werden wir derartige Inhalte umgehend entfernen.<\/p>\n","protected":false},"excerpt":{"rendered":"<p>Der momox Fashion Blog ist eine Unternehmung der momox SE Schreiberhauer Stra\u00dfe 30 10317 Berlin vertreten durch den Vorstand Heiner Kroke (Vorsitz) und Christian von Hohnhorst Vorsitzender des Aufsichtsrats: Dr. Thomas Tochtermann Pressekontakt E-Mail: presse@momoxfashion.com USt-IdNr.: DE266608643 Handelsregister HRB 248162 B, Berlin Charlottenburg redaktionell verantwortliche Person Denise Storbeck Schreiberhauer Str. 30 10317 Berlin Datenschutzerkl\u00e4rung Unsere [&hellip;]<\/p>\n","protected":false},"author":9,"featured_media":0,"parent":0,"menu_order":0,"comment_status":"closed","ping_status":"closed","template":"","meta":{"_acf_changed":false,"footnotes":""},"class_list":["post-7475","page","type-page","status-publish","hentry"],"acf":[],"yoast_head":"<!-- This site is optimized with the Yoast SEO plugin v27.3 - https:\/\/yoast.com\/product\/yoast-seo-wordpress\/ -->\n<title>Impressum - momox fashion Blog<\/title>\n<meta name=\"robots\" content=\"index, follow, max-snippet:-1, max-image-preview:large, max-video-preview:-1\" \/>\n<link rel=\"canonical\" href=\"https:\/\/blog.momoxfashion.com\/de\/impressum\/\" \/>\n<meta property=\"og:locale\" content=\"de_DE\" \/>\n<meta property=\"og:type\" content=\"article\" \/>\n<meta property=\"og:title\" content=\"Impressum - momox fashion Blog\" \/>\n<meta property=\"og:description\" content=\"Der momox Fashion Blog ist eine Unternehmung der momox SE Schreiberhauer Stra\u00dfe 30 10317 Berlin vertreten durch den Vorstand Heiner Kroke (Vorsitz) und Christian von Hohnhorst Vorsitzender des Aufsichtsrats: Dr. Thomas Tochtermann Pressekontakt E-Mail: presse@momoxfashion.com USt-IdNr.: DE266608643 Handelsregister HRB 248162 B, Berlin Charlottenburg redaktionell verantwortliche Person Denise Storbeck Schreiberhauer Str. 30 10317 Berlin Datenschutzerkl\u00e4rung Unsere [&hellip;]\" \/>\n<meta property=\"og:url\" content=\"https:\/\/blog.momoxfashion.com\/de\/impressum\/\" \/>\n<meta property=\"og:site_name\" content=\"momox fashion Blog\" \/>\n<meta property=\"article:publisher\" content=\"https:\/\/www.facebook.com\/usedbutprecious\/\" \/>\n<meta property=\"article:modified_time\" content=\"2024-04-15T18:50:21+00:00\" \/>\n<meta name=\"twitter:card\" content=\"summary_large_image\" \/>\n<meta name=\"twitter:site\" content=\"@ubup_team\" \/>\n<meta name=\"twitter:label1\" content=\"Gesch\u00e4tzte Lesezeit\" \/>\n\t<meta name=\"twitter:data1\" content=\"2\u00a0Minuten\" \/>\n<script type=\"application\/ld+json\" class=\"yoast-schema-graph\">{\"@context\":\"https:\\\/\\\/schema.org\",\"@graph\":[{\"@type\":\"WebPage\",\"@id\":\"https:\\\/\\\/blog.momoxfashion.com\\\/de\\\/impressum\\\/\",\"url\":\"https:\\\/\\\/blog.momoxfashion.com\\\/de\\\/impressum\\\/\",\"name\":\"Impressum - momox fashion Blog\",\"isPartOf\":{\"@id\":\"https:\\\/\\\/blog.momoxfashion.com\\\/de\\\/#website\"},\"datePublished\":\"2024-04-15T16:09:24+00:00\",\"dateModified\":\"2024-04-15T18:50:21+00:00\",\"breadcrumb\":{\"@id\":\"https:\\\/\\\/blog.momoxfashion.com\\\/de\\\/impressum\\\/#breadcrumb\"},\"inLanguage\":\"de\",\"potentialAction\":[{\"@type\":\"ReadAction\",\"target\":[\"https:\\\/\\\/blog.momoxfashion.com\\\/de\\\/impressum\\\/\"]}]},{\"@type\":\"BreadcrumbList\",\"@id\":\"https:\\\/\\\/blog.momoxfashion.com\\\/de\\\/impressum\\\/#breadcrumb\",\"itemListElement\":[{\"@type\":\"ListItem\",\"position\":1,\"name\":\"Startseite\",\"item\":\"https:\\\/\\\/blog.momoxfashion.com\\\/de\\\/\"},{\"@type\":\"ListItem\",\"position\":2,\"name\":\"Impressum\"}]},{\"@type\":\"WebSite\",\"@id\":\"https:\\\/\\\/blog.momoxfashion.com\\\/de\\\/#website\",\"url\":\"https:\\\/\\\/blog.momoxfashion.com\\\/de\\\/\",\"name\":\"momox fashion Blog\",\"description\":\"Fashion News, Second Hand Trends &amp; Nachhaltigkeit\",\"potentialAction\":[{\"@type\":\"SearchAction\",\"target\":{\"@type\":\"EntryPoint\",\"urlTemplate\":\"https:\\\/\\\/blog.momoxfashion.com\\\/de\\\/?s={search_term_string}\"},\"query-input\":{\"@type\":\"PropertyValueSpecification\",\"valueRequired\":true,\"valueName\":\"search_term_string\"}}],\"inLanguage\":\"de\"}]}<\/script>\n<!-- \/ Yoast SEO plugin. -->","yoast_head_json":{"title":"Impressum - momox fashion Blog","robots":{"index":"index","follow":"follow","max-snippet":"max-snippet:-1","max-image-preview":"max-image-preview:large","max-video-preview":"max-video-preview:-1"},"canonical":"https:\/\/blog.momoxfashion.com\/de\/impressum\/","og_locale":"de_DE","og_type":"article","og_title":"Impressum - momox fashion Blog","og_description":"Der momox Fashion Blog ist eine Unternehmung der momox SE Schreiberhauer Stra\u00dfe 30 10317 Berlin vertreten durch den Vorstand Heiner Kroke (Vorsitz) und Christian von Hohnhorst Vorsitzender des Aufsichtsrats: Dr. Thomas Tochtermann Pressekontakt E-Mail: presse@momoxfashion.com USt-IdNr.: DE266608643 Handelsregister HRB 248162 B, Berlin Charlottenburg redaktionell verantwortliche Person Denise Storbeck Schreiberhauer Str. 30 10317 Berlin Datenschutzerkl\u00e4rung Unsere [&hellip;]","og_url":"https:\/\/blog.momoxfashion.com\/de\/impressum\/","og_site_name":"momox fashion Blog","article_publisher":"https:\/\/www.facebook.com\/usedbutprecious\/","article_modified_time":"2024-04-15T18:50:21+00:00","twitter_card":"summary_large_image","twitter_site":"@ubup_team","twitter_misc":{"Gesch\u00e4tzte Lesezeit":"2\u00a0Minuten"},"schema":{"@context":"https:\/\/schema.org","@graph":[{"@type":"WebPage","@id":"https:\/\/blog.momoxfashion.com\/de\/impressum\/","url":"https:\/\/blog.momoxfashion.com\/de\/impressum\/","name":"Impressum - momox fashion Blog","isPartOf":{"@id":"https:\/\/blog.momoxfashion.com\/de\/#website"},"datePublished":"2024-04-15T16:09:24+00:00","dateModified":"2024-04-15T18:50:21+00:00","breadcrumb":{"@id":"https:\/\/blog.momoxfashion.com\/de\/impressum\/#breadcrumb"},"inLanguage":"de","potentialAction":[{"@type":"ReadAction","target":["https:\/\/blog.momoxfashion.com\/de\/impressum\/"]}]},{"@type":"BreadcrumbList","@id":"https:\/\/blog.momoxfashion.com\/de\/impressum\/#breadcrumb","itemListElement":[{"@type":"ListItem","position":1,"name":"Startseite","item":"https:\/\/blog.momoxfashion.com\/de\/"},{"@type":"ListItem","position":2,"name":"Impressum"}]},{"@type":"WebSite","@id":"https:\/\/blog.momoxfashion.com\/de\/#website","url":"https:\/\/blog.momoxfashion.com\/de\/","name":"momox fashion Blog","description":"Fashion News, Second Hand Trends &amp; Nachhaltigkeit","potentialAction":[{"@type":"SearchAction","target":{"@type":"EntryPoint","urlTemplate":"https:\/\/blog.momoxfashion.com\/de\/?s={search_term_string}"},"query-input":{"@type":"PropertyValueSpecification","valueRequired":true,"valueName":"search_term_string"}}],"inLanguage":"de"}]}},"_links":{"self":[{"href":"https:\/\/blog.momoxfashion.com\/de\/wp-json\/wp\/v2\/pages\/7475","targetHints":{"allow":["GET"]}}],"collection":[{"href":"https:\/\/blog.momoxfashion.com\/de\/wp-json\/wp\/v2\/pages"}],"about":[{"href":"https:\/\/blog.momoxfashion.com\/de\/wp-json\/wp\/v2\/types\/page"}],"author":[{"embeddable":true,"href":"https:\/\/blog.momoxfashion.com\/de\/wp-json\/wp\/v2\/users\/9"}],"replies":[{"embeddable":true,"href":"https:\/\/blog.momoxfashion.com\/de\/wp-json\/wp\/v2\/comments?post=7475"}],"version-history":[{"count":2,"href":"https:\/\/blog.momoxfashion.com\/de\/wp-json\/wp\/v2\/pages\/7475\/revisions"}],"predecessor-version":[{"id":7481,"href":"https:\/\/blog.momoxfashion.com\/de\/wp-json\/wp\/v2\/pages\/7475\/revisions\/7481"}],"wp:attachment":[{"href":"https:\/\/blog.momoxfashion.com\/de\/wp-json\/wp\/v2\/media?parent=7475"}],"curies":[{"name":"wp","href":"https:\/\/api.w.org\/{rel}","templated":true}]}}